{"id":12085,"date":"2022-05-17T10:52:30","date_gmt":"2022-05-17T08:52:30","guid":{"rendered":"http:\/\/en.okinvestment.pl\/?page_id=12085"},"modified":"2022-05-17T10:52:36","modified_gmt":"2022-05-17T08:52:36","slug":"completed","status":"publish","type":"page","link":"https:\/\/okinvestment.pl\/en\/completed\/","title":{"rendered":"Completed"},"content":{"rendered":"<div class=\"limit-wrapper\"><div class=\"row \"><div class=\"wpv-grid grid-1-1  wpv-first-level first unextended no-extended-padding\" style=\"padding-top:0.05px;padding-bottom:0.05px;\" id=\"wpv-column-01e892fe51afffb1693521fbbca21007\" >\n<section class=\"portfolios normal clearfix title-below has-description \" id=\"69f5b8249f6f7\">\n\t\t<div class=\"portfolio-items vamtam-cubeportfolio cbp portfolio-items \" data-columns=\"3\" data-options=\"{&quot;layoutMode&quot;:&quot;grid&quot;,&quot;defaultFilter&quot;:&quot;*&quot;,&quot;animationType&quot;:&quot;slideDelay&quot;,&quot;gapHorizontal&quot;:0,&quot;gapVertical&quot;:0,&quot;gridAdjustment&quot;:&quot;responsive&quot;,&quot;mediaQueries&quot;:[{&quot;width&quot;:757.5,&quot;cols&quot;:3},{&quot;width&quot;:495,&quot;cols&quot;:2},{&quot;width&quot;:232.5,&quot;cols&quot;:1}],&quot;displayType&quot;:&quot;bottomToTop&quot;,&quot;displayTypeSpeed&quot;:100,&quot;showPagination&quot;:false}\" data-hidden-by-filters=\"New items were loaded, but they are hidden because of your choice of filters\">\n\t\t<div data-id=\"12107\" data-type=\"realized\" class=\"has-title has-description grid-1-3 state-closed vamtam-project cbp-item\" style=\"width: 33%\">\n\t<div class=\"portfolio-item-wrapper\">\n\t\t\t\t<div class=\"portfolio-image\">\n\t\t\t<div class=\"thumbnail\" style=\"max-height:400px\">\n\t\t\t\t\t\t\t<a href=\"https:\/\/okinvestment.pl\/en\/projects\/office-building-and-cold-storage-warehouse-dorotas-bruno-tassis-shops-warsaw\/\">\n\t\t\t\t\t<img loading=\"lazy\" decoding=\"async\" width=\"360\" height=\"276\" src=\"https:\/\/okinvestment.pl\/en\/wp-content\/uploads\/sites\/2\/2023\/06\/Staniewicka-Ok-Investment-SA-Inwestor-Zastepczy-Greenfield-360x276.jpg\" class=\"attachment-theme-loop-3 size-theme-loop-3 wp-post-image\" alt=\"\" srcset=\"https:\/\/okinvestment.pl\/en\/wp-content\/uploads\/sites\/2\/2023\/06\/Staniewicka-Ok-Investment-SA-Inwestor-Zastepczy-Greenfield-360x276.jpg 360w, https:\/\/okinvestment.pl\/en\/wp-content\/uploads\/sites\/2\/2023\/06\/Staniewicka-Ok-Investment-SA-Inwestor-Zastepczy-Greenfield-1140x876.jpg 1140w, https:\/\/okinvestment.pl\/en\/wp-content\/uploads\/sites\/2\/2023\/06\/Staniewicka-Ok-Investment-SA-Inwestor-Zastepczy-Greenfield-800x615.jpg 800w, https:\/\/okinvestment.pl\/en\/wp-content\/uploads\/sites\/2\/2023\/06\/Staniewicka-Ok-Investment-SA-Inwestor-Zastepczy-Greenfield-555x426.jpg 555w, https:\/\/okinvestment.pl\/en\/wp-content\/uploads\/sites\/2\/2023\/06\/Staniewicka-Ok-Investment-SA-Inwestor-Zastepczy-Greenfield-262x201.jpg 262w\" sizes=\"(min-width: 900px) 50vw, 100vw\" \/>\t\t\t\t<\/a>\n\t\t\t\t\t\t<\/div><!-- \/ .thumbnail -->\n\t\t<\/div>\n\n\t\t\t\t\t<div class=\"portfolio_details\">\n\t\t\t\t<a href=\"https:\/\/okinvestment.pl\/en\/projects\/office-building-and-cold-storage-warehouse-dorotas-bruno-tassis-shops-warsaw\/\">\n\t\t\t\t\t\t\t\t\t\t\t<h3 class=\"title\">\n\t\t\t\t\t\t\tOffice Building and Cold Storage Warehouse (Dorota&#8217;s\/Bruno Tassi&#8217;s Shops) &#8211; Warsaw\t\t\t\t\t\t<\/h3>\n\t\t\t\t\t\t\t\t\t\t\t\t\t\t\t\t<div class=\"excerpt\"><p>Investor: Sklepy Doroty \/ Bruno Tassi Address:12 Staniewicka Street, Targ\u00f3wek District, Warsaw, Poland&#8221; Total area: 4843.20 m2 Usable area: 2258.90 m2 Usable area of office building: 1178.60 m2 Usable area of warehouse and distribution building: 1080.30 m2 Cubic capacity: 31455.38 m3 Cubic capacity of office building: 10682.80 m3 Cubic capacity of warehouse and distribution building:&#8230;<\/p>\n<\/div>\n\t\t\t\t\t\t\t\t\t<\/a>\n\t\t\t<\/div>\n\t\t\t<\/div>\n<\/div><div data-id=\"12116\" data-type=\"realized\" class=\"has-title has-description grid-1-3 state-closed vamtam-project cbp-item\" style=\"width: 33%\">\n\t<div class=\"portfolio-item-wrapper\">\n\t\t\t\t<div class=\"portfolio-image\">\n\t\t\t<div class=\"thumbnail\" style=\"max-height:0px\">\n\t\t\t\t\t\t\t<a href=\"https:\/\/okinvestment.pl\/en\/projects\/poultry-processing-factory-farmio-polzywnosc-golina-near-jarocin\/\">\n\t\t\t\t\t<img loading=\"lazy\" decoding=\"async\" width=\"360\" height=\"276\" src=\"https:\/\/okinvestment.pl\/en\/wp-content\/uploads\/sites\/2\/2023\/06\/Poultry-Processing-Factory-Golina-near-Jarocin-360x276.jpg\" class=\"attachment-theme-loop-3 size-theme-loop-3 wp-post-image\" alt=\"\" srcset=\"https:\/\/okinvestment.pl\/en\/wp-content\/uploads\/sites\/2\/2023\/06\/Poultry-Processing-Factory-Golina-near-Jarocin-360x276.jpg 360w, https:\/\/okinvestment.pl\/en\/wp-content\/uploads\/sites\/2\/2023\/06\/Poultry-Processing-Factory-Golina-near-Jarocin-1140x876.jpg 1140w, https:\/\/okinvestment.pl\/en\/wp-content\/uploads\/sites\/2\/2023\/06\/Poultry-Processing-Factory-Golina-near-Jarocin-800x615.jpg 800w, https:\/\/okinvestment.pl\/en\/wp-content\/uploads\/sites\/2\/2023\/06\/Poultry-Processing-Factory-Golina-near-Jarocin-555x426.jpg 555w, https:\/\/okinvestment.pl\/en\/wp-content\/uploads\/sites\/2\/2023\/06\/Poultry-Processing-Factory-Golina-near-Jarocin-262x201.jpg 262w\" sizes=\"(min-width: 900px) 50vw, 100vw\" \/>\t\t\t\t<\/a>\n\t\t\t\t\t\t<\/div><!-- \/ .thumbnail -->\n\t\t<\/div>\n\n\t\t\t\t\t<div class=\"portfolio_details\">\n\t\t\t\t<a href=\"https:\/\/okinvestment.pl\/en\/projects\/poultry-processing-factory-farmio-polzywnosc-golina-near-jarocin\/\">\n\t\t\t\t\t\t\t\t\t\t\t<h3 class=\"title\">\n\t\t\t\t\t\t\tPoultry Processing Factory ( Farmio \/ Polzywnosc) &#8211; Golina near Jarocin.\t\t\t\t\t\t<\/h3>\n\t\t\t\t\t\t\t\t\t\t\t\t\t\t\t\t<div class=\"excerpt\"><p>Poultry slaughterhouse with a capacity of 13,500 units\/hour, along with infrastructure, office building, and wastewater treatment plant. Investor: Pol\u017cywno\u015b\u0107 sp. z o.o. Address: Golina near Jarocin Total area: 20,984.09 m2 Hall area: 18,484.73 m2 Office and social building area: 1,924.66 m2 Wastewater treatment building area: 434.29 m2 Associated buildings area: 140.41 m2 Volume: 172,298.96 m3&#8230;<\/p>\n<\/div>\n\t\t\t\t\t\t\t\t\t<\/a>\n\t\t\t<\/div>\n\t\t\t<\/div>\n<\/div>\t<\/div>\n\t<\/section>\n\n<\/div><\/div><\/div>\n<div class=\"push \" style=\"height:30px\"><\/div>\n","protected":false},"excerpt":{"rendered":"<p>Poultry slaughterhouse with a capacity of 13,500 units\/hour, along with infrastructure, office building, and wastewater treatment plant. Investor: Pol\u017cywno\u015b\u0107 sp. z o.o. Address: Golina near Jarocin Total area: 20,984.09 m2 Hall area: 18,484.73 m2 Office and social building area: 1,924.66 m2 Wastewater treatment building area: 434.29 m2 Associated buildings area: 140.41 m2 Volume: 172,298.96 m3&#8230;<\/p>\n","protected":false},"author":1,"featured_media":0,"parent":0,"menu_order":0,"comment_status":"closed","ping_status":"closed","template":"","meta":{"footnotes":""},"_links":{"self":[{"href":"https:\/\/okinvestment.pl\/en\/wp-json\/wp\/v2\/pages\/12085"}],"collection":[{"href":"https:\/\/okinvestment.pl\/en\/wp-json\/wp\/v2\/pages"}],"about":[{"href":"https:\/\/okinvestment.pl\/en\/wp-json\/wp\/v2\/types\/page"}],"author":[{"embeddable":true,"href":"https:\/\/okinvestment.pl\/en\/wp-json\/wp\/v2\/users\/1"}],"replies":[{"embeddable":true,"href":"https:\/\/okinvestment.pl\/en\/wp-json\/wp\/v2\/comments?post=12085"}],"version-history":[{"count":1,"href":"https:\/\/okinvestment.pl\/en\/wp-json\/wp\/v2\/pages\/12085\/revisions"}],"predecessor-version":[{"id":12086,"href":"https:\/\/okinvestment.pl\/en\/wp-json\/wp\/v2\/pages\/12085\/revisions\/12086"}],"wp:attachment":[{"href":"https:\/\/okinvestment.pl\/en\/wp-json\/wp\/v2\/media?parent=12085"}],"curies":[{"name":"wp","href":"https:\/\/api.w.org\/{rel}","templated":true}]}}